{"id":2,"date":"2025-10-31T11:52:37","date_gmt":"2025-10-31T10:52:37","guid":{"rendered":"https:\/\/mobilna-wulkanizacja-bielsko-biala.slask.pl\/?page_id=2"},"modified":"2026-01-30T12:28:36","modified_gmt":"2026-01-30T11:28:36","slug":"przykladowa-strona","status":"publish","type":"page","link":"https:\/\/mobilna-wulkanizacja-bielsko-biala.slask.pl\/","title":{"rendered":"Przyk\u0142adowa strona"},"content":{"rendered":"<p>[et_pb_section fb_built=&#8221;1&#8243; _builder_version=&#8221;4.27.4&#8243; _module_preset=&#8221;default&#8221; custom_padding=&#8221;7px||13px|||&#8221; global_colors_info=&#8221;{}&#8221;][et_pb_row _builder_version=&#8221;4.27.4&#8243; _module_preset=&#8221;default&#8221; custom_padding=&#8221;16px||7px|||&#8221; global_colors_info=&#8221;{}&#8221;][et_pb_column type=&#8221;4_4&#8243; _builder_version=&#8221;4.27.4&#8243; _module_preset=&#8221;default&#8221; global_colors_info=&#8221;{}&#8221;][et_pb_text _builder_version=&#8221;4.27.5&#8243; _module_preset=&#8221;default&#8221; global_colors_info=&#8221;{}&#8221;]<\/p>\n<h1 style=\"text-align: center;\"><strong>Mobilna wulkanizacja Bielsko-Bia\u0142a &#8211; czekamy na kontakt!<\/strong><\/h1>\n<p>[\/et_pb_text][\/et_pb_column][\/et_pb_row][\/et_pb_section][et_pb_section fb_built=&#8221;1&#8243; fullwidth=&#8221;on&#8221; _builder_version=&#8221;4.27.4&#8243; _module_preset=&#8221;default&#8221; global_colors_info=&#8221;{}&#8221;][et_pb_fullwidth_slider _builder_version=&#8221;4.27.5&#8243; _module_preset=&#8221;default&#8221; global_colors_info=&#8221;{}&#8221;][et_pb_slide heading=&#8221;Mobilny serwis opon Bielsko-Bia\u0142a&#8221; button_text=&#8221;tel: 502 955 621&#8243; button_link=&#8221;tel:502955621&#8243; use_bg_overlay=&#8221;on&#8221; _builder_version=&#8221;4.27.5&#8243; _module_preset=&#8221;default&#8221; header_font=&#8221;|700|||||||&#8221; header_font_size=&#8221;45px&#8221; background_enable_color=&#8221;off&#8221; background_image=&#8221;https:\/\/mobilna-wulkanizacja-bielsko-biala.slask.pl\/wp-content\/uploads\/2025\/10\/6959-1.jpg&#8221; background_enable_image=&#8221;on&#8221; background_enable_mask_style=&#8221;on&#8221; background_mask_style=&#8221;triangles&#8221; background_mask_color=&#8221;#c40200&#8243; background_mask_transform=&#8221;invert&#8221; custom_button=&#8221;on&#8221; button_text_size=&#8221;22px&#8221; button_text_color=&#8221;#FFFFFF&#8221; button_bg_color=&#8221;#c40200&#8243; button_border_width=&#8221;2px&#8221; button_border_radius=&#8221;5px&#8221; button_font=&#8221;|600|||||||&#8221; button_use_icon=&#8221;off&#8221; background_last_edited=&#8221;on|phone&#8221; background_image_phone=&#8221;https:\/\/mobilna-wulkanizacja-bielsko-biala.slask.pl\/wp-content\/uploads\/2025\/10\/mobile-krk.jpg&#8221; background_enable_image_phone=&#8221;on&#8221; global_colors_info=&#8221;{}&#8221; sticky_transition=&#8221;on&#8221;]<\/p>\n<p><span style=\"font-size: large;\"><strong>Mobilna wulkanizacja Bielsko-Bia\u0142a: profesjonalny serwis ogumienia bez wychodzenia z domu lub biura.<\/strong><\/span><\/p>\n<p>[\/et_pb_slide][\/et_pb_fullwidth_slider][\/et_pb_section][et_pb_section fb_built=&#8221;1&#8243; _builder_version=&#8221;4.27.4&#8243; _module_preset=&#8221;default&#8221; custom_padding=&#8221;0px||0px|||&#8221; global_colors_info=&#8221;{}&#8221;][et_pb_row _builder_version=&#8221;4.27.4&#8243; _module_preset=&#8221;default&#8221; custom_padding=&#8221;||19px|||&#8221; global_colors_info=&#8221;{}&#8221;][et_pb_column type=&#8221;4_4&#8243; _builder_version=&#8221;4.27.4&#8243; _module_preset=&#8221;default&#8221; global_colors_info=&#8221;{}&#8221;][et_pb_text _builder_version=&#8221;4.27.4&#8243; _module_preset=&#8221;default&#8221; global_colors_info=&#8221;{}&#8221;]<\/p>\n<h2 style=\"text-align: center;\"><strong>Zadzwo\u0144 i wybierz nasze us\u0142ugi mobilnego serwisu &#8211; pracujemy w trybie 24\/7<\/strong><\/h2>\n<p>[\/et_pb_text][\/et_pb_column][\/et_pb_row][\/et_pb_section][et_pb_section fb_built=&#8221;1&#8243; _builder_version=&#8221;4.27.4&#8243; _module_preset=&#8221;default&#8221; custom_padding=&#8221;7px||1px|||&#8221; global_colors_info=&#8221;{}&#8221;][et_pb_row column_structure=&#8221;1_2,1_2&#8243; _builder_version=&#8221;4.27.4&#8243; _module_preset=&#8221;default&#8221; custom_padding=&#8221;||0px|||&#8221; global_colors_info=&#8221;{}&#8221;][et_pb_column type=&#8221;1_2&#8243; _builder_version=&#8221;4.27.4&#8243; _module_preset=&#8221;default&#8221; global_colors_info=&#8221;{}&#8221;][et_pb_text _builder_version=&#8221;4.27.5&#8243; _module_preset=&#8221;default&#8221; global_colors_info=&#8221;{}&#8221;]<\/p>\n<h2><strong>Szybka naprawa i wymiana opon w trasie<\/strong><\/h2>\n<p>Awaria opony w trasie nie musi oznacza\u0107 d\u0142ugiego przestoju.<br \/>Nasz mobilny serwis opon w Bielsku-Bia\u0142ej oferuje sprawn\u0105 napraw\u0119, wymian\u0119 k\u00f3\u0142 oraz wywa\u017canie na miejscu zdarzenia.<\/p>\n<p>Nowoczesny sprz\u0119t i do\u015bwiadczenie pozwalaj\u0105 nam dzia\u0142a\u0107 szybko i skutecznie, nawet w trudnych warunkach.<\/p>\n<p>[\/et_pb_text][et_pb_image src=&#8221;https:\/\/mobilna-wulkanizacja-bielsko-biala.slask.pl\/wp-content\/uploads\/2026\/01\/banner_2_wulkanizacja_900x600-1.png&#8221; alt=&#8221;mobilny serwis opon&#8221; _builder_version=&#8221;4.27.5&#8243; _module_preset=&#8221;default&#8221; border_radii=&#8221;on|5px|5px|5px|5px&#8221; global_colors_info=&#8221;{}&#8221;][\/et_pb_image][\/et_pb_column][et_pb_column type=&#8221;1_2&#8243; _builder_version=&#8221;4.27.4&#8243; _module_preset=&#8221;default&#8221; global_colors_info=&#8221;{}&#8221;][et_pb_text _builder_version=&#8221;4.27.4&#8243; _module_preset=&#8221;default&#8221; custom_margin=&#8221;||25px|||&#8221; global_colors_info=&#8221;{}&#8221;]<\/p>\n<h3><strong>Awaria ogumienia? Mobilna wulkanizacja Bielsko-Bia\u0142a dost\u0119pna 24\/7!<\/strong><\/h3>\n<p>[\/et_pb_text][et_pb_text _builder_version=&#8221;4.27.5&#8243; _module_preset=&#8221;default&#8221; global_colors_info=&#8221;{}&#8221;]<\/p>\n<p>Oferujemy mobilny serwis opon na terenie Bielska-Bia\u0142ej i okolic, dost\u0119pny przez ca\u0142\u0105 dob\u0119.<\/p>\n<p>Doje\u017cd\u017camy bezpo\u015brednio do miejsca awarii lub postoju pojazdu, oszcz\u0119dzaj\u0105c Tw\u00f3j czas i eliminuj\u0105c konieczno\u015b\u0107 holowania.<\/p>\n<p>Szybko, profesjonalnie i bezpiecznie obs\u0142ugujemy ka\u017cd\u0105 sytuacj\u0119 na drodze.<\/p>\n<p>[\/et_pb_text][et_pb_text _builder_version=&#8221;4.27.5&#8243; _module_preset=&#8221;default&#8221; global_colors_info=&#8221;{}&#8221;]<strong>Jako mobilny serwis opon serwisujemy opony w:<\/strong><\/p>\n<ul>\n<li>samochodach osobowych,<\/li>\n<li>dostawczych,<\/li>\n<li>ci\u0119\u017carowych,<\/li>\n<li>autobusach,<\/li>\n<li>maszynach rolniczych i budowlanych.<\/li>\n<\/li>\n<\/ul>\n<p>Zajmujemy si\u0119 oponami letnimi, zimowymi, ca\u0142orocznymi oraz przemys\u0142owymi. Niezale\u017cnie od rodzaju pojazdu i rozmiaru opony zapewniamy skuteczn\u0105 i fachow\u0105 pomoc mobiln\u0105.[\/et_pb_text][\/et_pb_column][\/et_pb_row][et_pb_row _builder_version=&#8221;4.27.4&#8243; _module_preset=&#8221;default&#8221; global_colors_info=&#8221;{}&#8221;][et_pb_column type=&#8221;4_4&#8243; _builder_version=&#8221;4.27.4&#8243; _module_preset=&#8221;default&#8221; global_colors_info=&#8221;{}&#8221;][et_pb_divider color=&#8221;#000000&#8243; _builder_version=&#8221;4.27.4&#8243; _module_preset=&#8221;default&#8221; custom_margin=&#8221;||-14px|||&#8221; global_colors_info=&#8221;{}&#8221;][\/et_pb_divider][\/et_pb_column][\/et_pb_row][et_pb_row column_structure=&#8221;1_2,1_2&#8243; _builder_version=&#8221;4.27.4&#8243; _module_preset=&#8221;default&#8221; custom_padding=&#8221;||0px|||&#8221; global_colors_info=&#8221;{}&#8221;][et_pb_column type=&#8221;1_2&#8243; _builder_version=&#8221;4.27.4&#8243; _module_preset=&#8221;default&#8221; global_colors_info=&#8221;{}&#8221;][et_pb_text _builder_version=&#8221;4.27.5&#8243; _module_preset=&#8221;default&#8221; global_colors_info=&#8221;{}&#8221;]<\/p>\n<h3 style=\"text-align: center;\"><strong>MOBILNA WULKANIZACJA BIELSKO-BIA\u0141A<\/strong><\/h3>\n<p>[\/et_pb_text][et_pb_text _builder_version=&#8221;4.27.5&#8243; _module_preset=&#8221;default&#8221; global_colors_info=&#8221;{}&#8221;]<\/p>\n<p><b>Profesjonalna mobilna wulkanizacja na terenie Bielska-Bia\u0142ej &#8211; serwis ogumienia z dojazdem do klienta<\/b><\/p>\n<p>[\/et_pb_text][et_pb_text _builder_version=&#8221;4.27.5&#8243; _module_preset=&#8221;default&#8221; custom_margin=&#8221;||15px|||&#8221; custom_padding=&#8221;||0px|||&#8221; global_colors_info=&#8221;{}&#8221;]<\/p>\n<p>Profesjonalizm i niezawodno\u015b\u0107<\/p>\n<p>Stawiamy na wysok\u0105 jako\u015b\u0107 us\u0142ug, terminowo\u015b\u0107 i indywidualne podej\u015bcie do klienta.<\/p>\n<p>Mobilny serwis opon Bielsko-Bia\u0142a to gwarancja rzetelnej obs\u0142ugi, przejrzystych zasad i fachowej wiedzy.<\/p>\n<p>Pomagamy zar\u00f3wno klientom indywidualnym, jak i firmom, dbaj\u0105c o ci\u0105g\u0142o\u015b\u0107 pracy pojazd\u00f3w.<\/p>\n<p>[\/et_pb_text][\/et_pb_column][et_pb_column type=&#8221;1_2&#8243; _builder_version=&#8221;4.27.4&#8243; _module_preset=&#8221;default&#8221; global_colors_info=&#8221;{}&#8221;][et_pb_image src=&#8221;https:\/\/mobilna-wulkanizacja-bielsko-biala.slask.pl\/wp-content\/uploads\/2026\/01\/mobilny-serwis-opon-mobile-osobowe-dostawcze-tir.webp&#8221; alt=&#8221;mobilny serwis opon &#8221; _builder_version=&#8221;4.27.5&#8243; _module_preset=&#8221;default&#8221; border_radii=&#8221;on|3px|3px|3px|3px&#8221; global_colors_info=&#8221;{}&#8221;][\/et_pb_image][\/et_pb_column][\/et_pb_row][et_pb_row _builder_version=&#8221;4.27.4&#8243; _module_preset=&#8221;default&#8221; custom_padding=&#8221;19px||7px|||&#8221; global_colors_info=&#8221;{}&#8221;][et_pb_column type=&#8221;4_4&#8243; _builder_version=&#8221;4.27.4&#8243; _module_preset=&#8221;default&#8221; global_colors_info=&#8221;{}&#8221;][et_pb_button button_url=&#8221;tel:502955621&#8243; button_text=&#8221;tel: 502 955 621&#8243; button_alignment=&#8221;center&#8221; _builder_version=&#8221;4.27.5&#8243; _module_preset=&#8221;default&#8221; custom_button=&#8221;on&#8221; button_text_color=&#8221;#FFFFFF&#8221; button_bg_color=&#8221;#c40200&#8243; button_border_radius=&#8221;5px&#8221; button_font=&#8221;|600|||||||&#8221; saved_tabs=&#8221;all&#8221; global_colors_info=&#8221;{}&#8221;][\/et_pb_button][et_pb_divider color=&#8221;#000000&#8243; _builder_version=&#8221;4.27.4&#8243; _module_preset=&#8221;default&#8221; custom_margin=&#8221;||-3px|||&#8221; global_colors_info=&#8221;{}&#8221;][\/et_pb_divider][\/et_pb_column][\/et_pb_row][et_pb_row column_structure=&#8221;1_2,1_2&#8243; _builder_version=&#8221;4.27.4&#8243; _module_preset=&#8221;default&#8221; custom_padding=&#8221;||4px|||&#8221; global_colors_info=&#8221;{}&#8221;][et_pb_column type=&#8221;1_2&#8243; _builder_version=&#8221;4.27.4&#8243; _module_preset=&#8221;default&#8221; global_colors_info=&#8221;{}&#8221;][et_pb_image src=&#8221;https:\/\/mobilna-wulkanizacja-bielsko-biala.slask.pl\/wp-content\/uploads\/2025\/10\/baner-mobilny-serwis-opon-tir-800&#215;700-mobile.jpg&#8221; alt=&#8221;mobilny serwis opon TIR&#8221; _builder_version=&#8221;4.27.4&#8243; _module_preset=&#8221;default&#8221; global_colors_info=&#8221;{}&#8221;][\/et_pb_image][\/et_pb_column][et_pb_column type=&#8221;1_2&#8243; _builder_version=&#8221;4.27.4&#8243; _module_preset=&#8221;default&#8221; global_colors_info=&#8221;{}&#8221;][et_pb_text _builder_version=&#8221;4.27.5&#8243; _module_preset=&#8221;default&#8221; custom_margin=&#8221;||3px|||&#8221; global_colors_info=&#8221;{}&#8221;]<\/p>\n<h2><strong>Mobilny serwis opon Bielsko-Bia\u0142a \u2013 szybka pomoc 24\/7<\/strong><\/h2>\n<p><strong>Mobilny serwis opon Bielsko-Bia\u0142a<\/strong> to ca\u0142odobowa pomoc w przypadku awarii, przebicia lub konieczno\u015bci wymiany opon w trasie.<\/p>\n<p>Doje\u017cd\u017camy bezpo\u015brednio na miejsce zdarzenia \u2013 na drog\u0119, parking, plac budowy lub do siedziby firmy. Obs\u0142ugujemy samochody osobowe, dostawcze, ci\u0119\u017carowe, autobusy oraz maszyny rolnicze i przemys\u0142owe.<\/p>\n<p>Serwisujemy opony letnie, zimowe, ca\u0142oroczne oraz specjalistyczne.<\/p>\n<p>Dzi\u0119ki nowoczesnemu sprz\u0119towi i do\u015bwiadczonym serwisantom zapewniamy szybk\u0105, bezpieczn\u0105 i skuteczn\u0105 napraw\u0119 bez konieczno\u015bci holowania pojazdu.<\/p>\n<p>[\/et_pb_text][\/et_pb_column][\/et_pb_row][et_pb_row _builder_version=&#8221;4.27.5&#8243; _module_preset=&#8221;default&#8221; global_colors_info=&#8221;{}&#8221;][et_pb_column type=&#8221;4_4&#8243; _builder_version=&#8221;4.27.5&#8243; _module_preset=&#8221;default&#8221; global_colors_info=&#8221;{}&#8221;][et_pb_text _builder_version=&#8221;4.27.5&#8243; _module_preset=&#8221;default&#8221; custom_margin=&#8221;||-11px|||&#8221; global_colors_info=&#8221;{}&#8221;]<\/p>\n<h2 style=\"text-align: center;\"><strong>Profesjonalna wymiana i naprawa opon \u2013 Bielsko-Bia\u0142a i okolice<\/strong><\/h2>\n<p>Oferujemy mobiln\u0105 wymian\u0119 i napraw\u0119 opon na terenie Bielska-Bia\u0142ej oraz okolicznych miejscowo\u015bci.<\/p>\n<p>Nasz serwis dzia\u0142a 24 godziny na dob\u0119, 7 dni w tygodniu, gwarantuj\u0105c szybki dojazd i fachow\u0105 obs\u0142ug\u0119. Pracujemy z oponami wszystkich rozmiar\u00f3w i typ\u00f3w \u2013 od aut osobowych po pojazdy ci\u0119\u017carowe i maszyny budowlane.<\/p>\n<p>Mobilny serwis opon to idealne rozwi\u0105zanie dla kierowc\u00f3w i firm transportowych, kt\u00f3re chc\u0105 unikn\u0105\u0107 przestoj\u00f3w. Stawiamy na niezawodno\u015b\u0107, terminowo\u015b\u0107 i wysok\u0105 jako\u015b\u0107 us\u0142ug.<\/p>\n<p>[\/et_pb_text][\/et_pb_column][\/et_pb_row][et_pb_row _builder_version=&#8221;4.27.4&#8243; _module_preset=&#8221;default&#8221; custom_margin=&#8221;-2px|auto||auto||&#8221; custom_padding=&#8221;||10px|||&#8221; global_colors_info=&#8221;{}&#8221;][et_pb_column type=&#8221;4_4&#8243; _builder_version=&#8221;4.27.4&#8243; _module_preset=&#8221;default&#8221; global_colors_info=&#8221;{}&#8221;][et_pb_divider color=&#8221;#000000&#8243; _builder_version=&#8221;4.27.4&#8243; _module_preset=&#8221;default&#8221; global_colors_info=&#8221;{}&#8221;][\/et_pb_divider][\/et_pb_column][\/et_pb_row][\/et_pb_section][et_pb_section fb_built=&#8221;1&#8243; _builder_version=&#8221;4.27.4&#8243; _module_preset=&#8221;default&#8221; custom_padding=&#8221;0px||0px|||&#8221; global_colors_info=&#8221;{}&#8221;][et_pb_row _builder_version=&#8221;4.27.4&#8243; _module_preset=&#8221;default&#8221; global_colors_info=&#8221;{}&#8221;][et_pb_column type=&#8221;4_4&#8243; _builder_version=&#8221;4.27.4&#8243; _module_preset=&#8221;default&#8221; global_colors_info=&#8221;{}&#8221;][et_pb_text _builder_version=&#8221;4.27.5&#8243; _module_preset=&#8221;default&#8221; global_colors_info=&#8221;{}&#8221;]<\/p>\n<h2 style=\"text-align: center;\"><strong>Mobilna wulkanizacja Bielsko-Bia\u0142a i okolice<\/strong><\/h2>\n<p>[\/et_pb_text][et_pb_code _builder_version=&#8221;4.27.5&#8243; _module_preset=&#8221;default&#8221; border_radii=&#8221;on|4px|4px|4px|4px&#8221; global_colors_info=&#8221;{}&#8221;]<iframe src=\"https:\/\/www.google.com\/maps\/embed?pb=!1m18!1m12!1m3!1d195233.05969798693!2d18.89661680329714!3d49.828014492320285!2m3!1f0!2f0!3f0!3m2!1i1024!2i768!4f13.1!3m3!1m2!1s0x47169f63dd80507b%3A0x6811f587fa4fe3a7!2sBielsko-Bia%C5%82a!5e0!3m2!1spl!2spl!4v1769770455679!5m2!1spl!2spl\" width=\"100%\" height=\"450\" style=\"border:0;\" allowfullscreen=\"\" loading=\"lazy\" referrerpolicy=\"no-referrer-when-downgrade\"><\/iframe>[\/et_pb_code][\/et_pb_column][\/et_pb_row][\/et_pb_section]<\/p>\n","protected":false},"excerpt":{"rendered":"<p>Mobilna wulkanizacja Bielsko-Bia\u0142a &#8211; czekamy na kontakt!Mobilna wulkanizacja Bielsko-Bia\u0142a: profesjonalny serwis ogumienia bez wychodzenia z domu lub biura.Zadzwo\u0144 i wybierz nasze us\u0142ugi mobilnego serwisu &#8211; pracujemy w trybie 24\/7Szybka naprawa i wymiana opon w trasie Awaria opony w trasie nie musi oznacza\u0107 d\u0142ugiego przestoju.Nasz mobilny serwis opon w Bielsku-Bia\u0142ej oferuje sprawn\u0105 napraw\u0119, wymian\u0119 k\u00f3\u0142 oraz [&hellip;]<\/p>\n","protected":false},"author":1,"featured_media":0,"parent":0,"menu_order":0,"comment_status":"closed","ping_status":"open","template":"","meta":{"_et_pb_use_builder":"on","_et_pb_old_content":"<!-- wp:paragraph -->\r\n<p>Przyk\u0142adowa strona. Strony s\u0105 inne ni\u017c wpisy na blogu, poniewa\u017c nie tylko znajduj\u0105 si\u0119 zawsze w jednym miejscu, ale tak\u017ce pojawiaj\u0105 si\u0119 w menu witryny (w wi\u0119kszo\u015bci motyw\u00f3w). Wi\u0119kszo\u015b\u0107 u\u017cytkownik\u00f3w zaczyna od strony z informacjami o sobie, kt\u00f3ra zapozna ich przed odwiedzaj\u0105cymi witryn\u0119. Taka strona mo\u017ce zawiera\u0107 na przyk\u0142ad tak\u0105 tre\u015b\u0107:<\/p>\r\n<!-- \/wp:paragraph -->\r\n\r\n<!-- wp:quote -->\r\n<blockquote class=\"wp-block-quote\"><p>Cze\u015b\u0107! Za dnia jestem kurierem rowerowym, noc\u0105 pr\u00f3buj\u0119 swoich si\u0142 w aktorstwie, a to jest moja witryna. Mieszkam w Krakowie, mam wspania\u0142ego psa kt\u00f3ry wabi si\u0119 Reks i lubi\u0119 pi\u00f1a colad\u0119 (oraz spacery, gdy pada deszcz).<\/p><\/blockquote>\r\n<!-- \/wp:quote -->\r\n\r\n<!-- wp:paragraph -->\r\n<p>\u2026albo co\u015b takiego:<\/p>\r\n<!-- \/wp:paragraph -->\r\n\r\n<!-- wp:quote -->\r\n<blockquote class=\"wp-block-quote\"><p>Firma XYZ Doohickey zosta\u0142a za\u0142o\u017cona w 1971 roku i od tamtej pory dostarcza spo\u0142ecze\u0144stwu dobrej jako\u015bci gad\u017cety. Znajduj\u0105ca si\u0119 w Gotham City XYZ zatrudnia ponad 2000 os\u00f3b i robi niesamowite rzeczy dla spo\u0142eczno\u015bci Gotham.<\/p><\/blockquote>\r\n<!-- \/wp:quote -->\r\n\r\n<!-- wp:paragraph -->\r\n<p>Jako nowy u\u017cytkownik WordPressa, powiniene\u015b przej\u015b\u0107 do <a href=\"https:\/\/mobilna-wulkanizacja-bielsko-biala.slask.pl\/wp-admin\/\">swojego kokpitu<\/a> aby usun\u0105\u0107 t\u0119 stron\u0119 i stworzy\u0107 nowe z w\u0142asn\u0105 tre\u015bci\u0105. Dobrej zabawy!<\/p>\r\n<!-- \/wp:paragraph -->","_et_gb_content_width":"","footnotes":""},"class_list":["post-2","page","type-page","status-publish","hentry"],"yoast_head":"<!-- This site is optimized with the Yoast SEO plugin v27.4 - https:\/\/yoast.com\/product\/yoast-seo-wordpress\/ -->\n<title>tel: 502 955 621 Mobilna wulkanizacja Bielsko-Bia\u0142a<\/title>\n<meta name=\"description\" content=\"tel: 502 955 621 - mobilna wulkanizacja Bielsko-Bia\u0142a. Obs\u0142ugujemy wszystkie rodzaje pojazd\u00f3w: osobowe, dostawcze, TIR.\" \/>\n<meta name=\"robots\" content=\"index, follow, max-snippet:-1, max-image-preview:large, max-video-preview:-1\" \/>\n<link rel=\"canonical\" href=\"https:\/\/mobilna-wulkanizacja-bielsko-biala.slask.pl\/\" \/>\n<meta property=\"og:locale\" content=\"pl_PL\" \/>\n<meta property=\"og:type\" content=\"article\" \/>\n<meta property=\"og:title\" content=\"tel: 502 955 621 Mobilna wulkanizacja Bielsko-Bia\u0142a\" \/>\n<meta property=\"og:description\" content=\"tel: 502 955 621 - mobilna wulkanizacja Bielsko-Bia\u0142a. Obs\u0142ugujemy wszystkie rodzaje pojazd\u00f3w: osobowe, dostawcze, TIR.\" \/>\n<meta property=\"og:url\" content=\"https:\/\/mobilna-wulkanizacja-bielsko-biala.slask.pl\/\" \/>\n<meta property=\"og:site_name\" content=\"Mobilna wulkanizacja Bielsko-Bia\u0142a - zadzwo\u0144!\" \/>\n<meta property=\"article:modified_time\" content=\"2026-01-30T11:28:36+00:00\" \/>\n<meta name=\"twitter:card\" content=\"summary_large_image\" \/>\n<meta name=\"twitter:label1\" content=\"Szacowany czas czytania\" \/>\n\t<meta name=\"twitter:data1\" content=\"3 minuty\" \/>\n<script type=\"application\/ld+json\" class=\"yoast-schema-graph\">{\"@context\":\"https:\\\/\\\/schema.org\",\"@graph\":[{\"@type\":\"WebPage\",\"@id\":\"https:\\\/\\\/mobilna-wulkanizacja-bielsko-biala.slask.pl\\\/\",\"url\":\"https:\\\/\\\/mobilna-wulkanizacja-bielsko-biala.slask.pl\\\/\",\"name\":\"tel: 502 955 621 Mobilna wulkanizacja Bielsko-Bia\u0142a\",\"isPartOf\":{\"@id\":\"https:\\\/\\\/mobilna-wulkanizacja-bielsko-biala.slask.pl\\\/#website\"},\"datePublished\":\"2025-10-31T10:52:37+00:00\",\"dateModified\":\"2026-01-30T11:28:36+00:00\",\"description\":\"tel: 502 955 621 - mobilna wulkanizacja Bielsko-Bia\u0142a. Obs\u0142ugujemy wszystkie rodzaje pojazd\u00f3w: osobowe, dostawcze, TIR.\",\"breadcrumb\":{\"@id\":\"https:\\\/\\\/mobilna-wulkanizacja-bielsko-biala.slask.pl\\\/#breadcrumb\"},\"inLanguage\":\"pl-PL\",\"potentialAction\":[{\"@type\":\"ReadAction\",\"target\":[\"https:\\\/\\\/mobilna-wulkanizacja-bielsko-biala.slask.pl\\\/\"]}]},{\"@type\":\"BreadcrumbList\",\"@id\":\"https:\\\/\\\/mobilna-wulkanizacja-bielsko-biala.slask.pl\\\/#breadcrumb\",\"itemListElement\":[{\"@type\":\"ListItem\",\"position\":1,\"name\":\"Strona g\u0142\u00f3wna\",\"item\":\"https:\\\/\\\/mobilna-wulkanizacja-bielsko-biala.slask.pl\\\/\"},{\"@type\":\"ListItem\",\"position\":2,\"name\":\"Przyk\u0142adowa strona\"}]},{\"@type\":\"WebSite\",\"@id\":\"https:\\\/\\\/mobilna-wulkanizacja-bielsko-biala.slask.pl\\\/#website\",\"url\":\"https:\\\/\\\/mobilna-wulkanizacja-bielsko-biala.slask.pl\\\/\",\"name\":\"Mobilna wulkanizacja Bielsko-Bia\u0142a - zadzwo\u0144!\",\"description\":\"\",\"potentialAction\":[{\"@type\":\"SearchAction\",\"target\":{\"@type\":\"EntryPoint\",\"urlTemplate\":\"https:\\\/\\\/mobilna-wulkanizacja-bielsko-biala.slask.pl\\\/?s={search_term_string}\"},\"query-input\":{\"@type\":\"PropertyValueSpecification\",\"valueRequired\":true,\"valueName\":\"search_term_string\"}}],\"inLanguage\":\"pl-PL\"}]}<\/script>\n<!-- \/ Yoast SEO plugin. -->","yoast_head_json":{"title":"tel: 502 955 621 Mobilna wulkanizacja Bielsko-Bia\u0142a","description":"tel: 502 955 621 - mobilna wulkanizacja Bielsko-Bia\u0142a. Obs\u0142ugujemy wszystkie rodzaje pojazd\u00f3w: osobowe, dostawcze, TIR.","robots":{"index":"index","follow":"follow","max-snippet":"max-snippet:-1","max-image-preview":"max-image-preview:large","max-video-preview":"max-video-preview:-1"},"canonical":"https:\/\/mobilna-wulkanizacja-bielsko-biala.slask.pl\/","og_locale":"pl_PL","og_type":"article","og_title":"tel: 502 955 621 Mobilna wulkanizacja Bielsko-Bia\u0142a","og_description":"tel: 502 955 621 - mobilna wulkanizacja Bielsko-Bia\u0142a. Obs\u0142ugujemy wszystkie rodzaje pojazd\u00f3w: osobowe, dostawcze, TIR.","og_url":"https:\/\/mobilna-wulkanizacja-bielsko-biala.slask.pl\/","og_site_name":"Mobilna wulkanizacja Bielsko-Bia\u0142a - zadzwo\u0144!","article_modified_time":"2026-01-30T11:28:36+00:00","twitter_card":"summary_large_image","twitter_misc":{"Szacowany czas czytania":"3 minuty"},"schema":{"@context":"https:\/\/schema.org","@graph":[{"@type":"WebPage","@id":"https:\/\/mobilna-wulkanizacja-bielsko-biala.slask.pl\/","url":"https:\/\/mobilna-wulkanizacja-bielsko-biala.slask.pl\/","name":"tel: 502 955 621 Mobilna wulkanizacja Bielsko-Bia\u0142a","isPartOf":{"@id":"https:\/\/mobilna-wulkanizacja-bielsko-biala.slask.pl\/#website"},"datePublished":"2025-10-31T10:52:37+00:00","dateModified":"2026-01-30T11:28:36+00:00","description":"tel: 502 955 621 - mobilna wulkanizacja Bielsko-Bia\u0142a. Obs\u0142ugujemy wszystkie rodzaje pojazd\u00f3w: osobowe, dostawcze, TIR.","breadcrumb":{"@id":"https:\/\/mobilna-wulkanizacja-bielsko-biala.slask.pl\/#breadcrumb"},"inLanguage":"pl-PL","potentialAction":[{"@type":"ReadAction","target":["https:\/\/mobilna-wulkanizacja-bielsko-biala.slask.pl\/"]}]},{"@type":"BreadcrumbList","@id":"https:\/\/mobilna-wulkanizacja-bielsko-biala.slask.pl\/#breadcrumb","itemListElement":[{"@type":"ListItem","position":1,"name":"Strona g\u0142\u00f3wna","item":"https:\/\/mobilna-wulkanizacja-bielsko-biala.slask.pl\/"},{"@type":"ListItem","position":2,"name":"Przyk\u0142adowa strona"}]},{"@type":"WebSite","@id":"https:\/\/mobilna-wulkanizacja-bielsko-biala.slask.pl\/#website","url":"https:\/\/mobilna-wulkanizacja-bielsko-biala.slask.pl\/","name":"Mobilna wulkanizacja Bielsko-Bia\u0142a - zadzwo\u0144!","description":"","potentialAction":[{"@type":"SearchAction","target":{"@type":"EntryPoint","urlTemplate":"https:\/\/mobilna-wulkanizacja-bielsko-biala.slask.pl\/?s={search_term_string}"},"query-input":{"@type":"PropertyValueSpecification","valueRequired":true,"valueName":"search_term_string"}}],"inLanguage":"pl-PL"}]}},"_links":{"self":[{"href":"https:\/\/mobilna-wulkanizacja-bielsko-biala.slask.pl\/index.php?rest_route=\/wp\/v2\/pages\/2","targetHints":{"allow":["GET"]}}],"collection":[{"href":"https:\/\/mobilna-wulkanizacja-bielsko-biala.slask.pl\/index.php?rest_route=\/wp\/v2\/pages"}],"about":[{"href":"https:\/\/mobilna-wulkanizacja-bielsko-biala.slask.pl\/index.php?rest_route=\/wp\/v2\/types\/page"}],"author":[{"embeddable":true,"href":"https:\/\/mobilna-wulkanizacja-bielsko-biala.slask.pl\/index.php?rest_route=\/wp\/v2\/users\/1"}],"replies":[{"embeddable":true,"href":"https:\/\/mobilna-wulkanizacja-bielsko-biala.slask.pl\/index.php?rest_route=%2Fwp%2Fv2%2Fcomments&post=2"}],"version-history":[{"count":49,"href":"https:\/\/mobilna-wulkanizacja-bielsko-biala.slask.pl\/index.php?rest_route=\/wp\/v2\/pages\/2\/revisions"}],"predecessor-version":[{"id":99,"href":"https:\/\/mobilna-wulkanizacja-bielsko-biala.slask.pl\/index.php?rest_route=\/wp\/v2\/pages\/2\/revisions\/99"}],"wp:attachment":[{"href":"https:\/\/mobilna-wulkanizacja-bielsko-biala.slask.pl\/index.php?rest_route=%2Fwp%2Fv2%2Fmedia&parent=2"}],"curies":[{"name":"wp","href":"https:\/\/api.w.org\/{rel}","templated":true}]}}